{"id":28952,"date":"2023-07-31T16:15:07","date_gmt":"2023-07-31T14:15:07","guid":{"rendered":"https:\/\/cycpartenaires.ch\/?page_id=28952"},"modified":"2023-07-31T16:27:09","modified_gmt":"2023-07-31T14:27:09","slug":"notre-equipe","status":"publish","type":"page","link":"https:\/\/cycpartenaires.ch\/en\/notre-equipe\/","title":{"rendered":"Teams"},"content":{"rendered":"<p><section data-bb-version=\"4.5.9\" id=\"bt_bb_section69d619b9f1633\" data-parallax=\"0.6\" data-parallax-offset=\"0\" data-background_image_src=\"'https:\/\/cycpartenaires.ch\/wp-content\/uploads\/2023\/07\/Sans-titre-1.jpg'\" class=\"bt_bb_section bt_bb_top_spacing_large,;,,;,,;,,;,,;, bt_bb_bottom_spacing_large,;,,;,,;,,;,,;, bt_bb_color_scheme_1 bt_bb_layout_boxed_1200 bt_bb_vertical_align_top bt_bb_parallax btLazyLoadBackground bt_bb_background_image bt_bb_background_overlay_dark_gradient bt_bb_section_allow_content_outside bt_lock_parallax_1200 bt_bb_section_allow_content_outside bt_bb_section_with_bottom_coverage_image\" style=\"background-image:url(&#039;https:\/\/cycpartenaires.ch\/wp-content\/plugins\/bold-page-builder\/img\/blank.gif&#039;);\"><div class=\"bt_bb_port\"><div class=\"bt_bb_cell\"><div class=\"bt_bb_cell_inner\"><div class=\"bt_bb_row\"  data-bt-override-class=\"{}\"><div class=\"bt_bb_row_holder\" ><div  class=\"bt_bb_column col-xxl-3 col-xl-3 bt_bb_vertical_align_top bt_bb_align_left bt_bb_padding_normal bt_bb_hidden_xs bt_bb_hidden_ms bt_bb_hidden_sm\" style=\"; --column-width:3;\" data-width=\"3\" data-bt-override-class=\"{}\"><div class=\"bt_bb_column_content\"><div class=\"bt_bb_column_content_inner\"><\/div><\/div><\/div><div data-bb-version=\"4.5.9\"  class=\"bt_bb_column col-xxl-9 col-xl-9 bt_bb_vertical_align_bottom bt_bb_align_left bt_bb_padding_normal bt_bb_animation_fade_in animate\" style=\"; --column-width:9;\" data-width=\"9\" data-bt-override-class=\"{&quot;bt_bb_align_&quot;:{&quot;current_class&quot;:&quot;bt_bb_align_left&quot;,&quot;def&quot;:&quot;left&quot;},&quot;bt_bb_padding_&quot;:{&quot;current_class&quot;:&quot;bt_bb_padding_normal&quot;,&quot;def&quot;:&quot;normal&quot;}}\"><div class=\"bt_bb_column_content\"><div class=\"bt_bb_column_content_inner\"><div data-bb-version=\"4.5.9\" class=\"bt_bb_separator bt_bb_border_style_none bt_bb_border_color_none bt_bb_top_spacing_extra_large bt_bb_bottom_spacing_none\" data-bt-override-class=\"{&quot;bt_bb_top_spacing_&quot;:{&quot;current_class&quot;:&quot;bt_bb_top_spacing_extra_large&quot;,&quot;def&quot;:&quot;extra_large&quot;},&quot;bt_bb_bottom_spacing_&quot;:{&quot;current_class&quot;:&quot;bt_bb_bottom_spacing_none&quot;,&quot;def&quot;:&quot;none&quot;}}\"><\/div><header data-bb-version=\"4.5.9\" class=\"bt_bb_headline bt_bb_font_weight_black bt_bb_dash_none bt_bb_size_huge bt_bb_align_inherit\" data-bt-override-class=\"{&quot;bt_bb_size_&quot;:{&quot;current_class&quot;:&quot;bt_bb_size_huge&quot;,&quot;def&quot;:&quot;huge&quot;},&quot;bt_bb_align_&quot;:{&quot;current_class&quot;:&quot;bt_bb_align_inherit&quot;,&quot;def&quot;:&quot;inherit&quot;}}\"><h1 style=\"letter-spacing:-3px\" class=\"bt_bb_headline_tag\"><span class=\"bt_bb_headline_content\"><span>CYCpartenaire<\/span><\/span><\/h1><\/header><\/div><\/div><\/div><\/div><\/div><div class=\"bt_bb_row\"  data-bt-override-class=\"{}\"><div class=\"bt_bb_row_holder\" ><div  class=\"bt_bb_column col-xxl-4 col-xl-4 bt_bb_vertical_align_top bt_bb_align_left bt_bb_padding_normal bt_bb_hidden_xs bt_bb_hidden_ms bt_bb_hidden_sm\" style=\"; --column-width:4;\" data-width=\"4\" data-bt-override-class=\"{}\"><div class=\"bt_bb_column_content\"><div class=\"bt_bb_column_content_inner\"><\/div><\/div><\/div><div  class=\"bt_bb_column col-xxl-8 col-xl-8 bt_bb_vertical_align_top bt_bb_align_left bt_bb_padding_normal bt_bb_animation_fade_in animate\" style=\"; --column-width:8;\" data-width=\"8\" data-bt-override-class=\"{}\"><div class=\"bt_bb_column_content\"><div class=\"bt_bb_column_content_inner\"><header data-bb-version=\"4.5.9\" class=\"bt_bb_headline bt_bb_font_weight_black bt_bb_dash_none bt_bb_size_normal bt_bb_align_inherit\" data-bt-override-class=\"{&quot;bt_bb_size_&quot;:{&quot;current_class&quot;:&quot;bt_bb_size_normal&quot;,&quot;def&quot;:&quot;normal&quot;},&quot;bt_bb_align_&quot;:{&quot;current_class&quot;:&quot;bt_bb_align_inherit&quot;,&quot;def&quot;:&quot;inherit&quot;}}\"><h3 class=\"bt_bb_headline_tag\"><span class=\"bt_bb_headline_content\"><span>Our teams <\/span><\/span><\/h3><\/header><div data-bb-version=\"4.5.9\" class=\"bt_bb_separator bt_bb_border_style_none bt_bb_border_color_none bt_bb_top_spacing_medium bt_bb_bottom_spacing_medium\" data-bt-override-class=\"{&quot;bt_bb_top_spacing_&quot;:{&quot;current_class&quot;:&quot;bt_bb_top_spacing_medium&quot;,&quot;def&quot;:&quot;medium&quot;},&quot;bt_bb_bottom_spacing_&quot;:{&quot;current_class&quot;:&quot;bt_bb_bottom_spacing_medium&quot;,&quot;def&quot;:&quot;medium&quot;}}\"><\/div><\/div><\/div><\/div><\/div><\/div><\/div><\/div><\/div><div class=\"bt_bb_section_bottom_section_coverage_image\"><img decoding=\"async\" src=\"https:\/\/cycpartenaires.ch\/wp-content\/uploads\/2020\/08\/Wave_White_bottom_left_shape_01.png\" alt=\"bt_bb_section_bottom_section_coverage_image\" \/><\/div><\/section><section id=\"bt_bb_section69d619b9f2225\"  class=\"bt_bb_section bt_bb_top_spacing_large,;,,;,,;,,;,,;, bt_bb_bottom_spacing_normal,;,,;,,;,,;,,;, bt_bb_layout_boxed_1200 bt_bb_vertical_align_top\" ><div class=\"bt_bb_port\"><div class=\"bt_bb_cell\"><div class=\"bt_bb_cell_inner\"><div class=\"bt_bb_row\"  data-bt-override-class=\"{}\"><div class=\"bt_bb_row_holder\" ><div  class=\"bt_bb_column col-xxl-12 col-xl-12 col-xs-12 col-sm-12 col-md-12 col-lg-12 bt_bb_vertical_align_top bt_bb_align_center bt_bb_padding_40 bt_bb_animation_fade_in animate\" style=\"; --column-width:12;\" data-width=\"12\" data-bt-override-class=\"{}\"><div class=\"bt_bb_column_content\"><div class=\"bt_bb_column_content_inner\"><div data-bb-version=\"4.5.9\" class=\"bt_bb_separator bt_bb_border_style_none bt_bb_border_color_none bt_bb_top_spacing_medium bt_bb_bottom_spacing_medium bt_bb_hidden_md bt_bb_hidden_lg bt_bb_hidden_xl\" data-bt-override-class=\"{&quot;bt_bb_top_spacing_&quot;:{&quot;current_class&quot;:&quot;bt_bb_top_spacing_medium&quot;,&quot;def&quot;:&quot;medium&quot;},&quot;bt_bb_bottom_spacing_&quot;:{&quot;current_class&quot;:&quot;bt_bb_bottom_spacing_medium&quot;,&quot;def&quot;:&quot;medium&quot;}}\"><\/div><header data-bb-version=\"4.5.9\" class=\"bt_bb_headline bt_bb_dash_none bt_bb_subheadline bt_bb_size_large bt_bb_align_inherit\" data-bt-override-class=\"{&quot;bt_bb_size_&quot;:{&quot;current_class&quot;:&quot;bt_bb_size_large&quot;,&quot;def&quot;:&quot;large&quot;},&quot;bt_bb_align_&quot;:{&quot;current_class&quot;:&quot;bt_bb_align_inherit&quot;,&quot;def&quot;:&quot;inherit&quot;}}\"><h3 class=\"bt_bb_headline_tag\"><span class=\"bt_bb_headline_content\"><span>Portraits<\/span><\/span><\/h3><div class=\"bt_bb_headline_subheadline\">We are a trio of committed and experienced professionals, we founded CYC partenaires in 2013.<br \/><br \/>\nNous mettons notre exp\u00e9rience professionnelle du management, du travail avec les \u00e9quipes, des domaines humanitaire, social, scientifique, \u00e9ducatif, au plan national et international, \u00e0 la disposition de celles et ceux qui souhaitent relever des d\u00e9fis, et trouver des solutions adapt\u00e9es \u00e0 leurs activit\u00e9s et \u00e0 leurs projets.<\/div><\/header><div class=\"bt_bb_separator bt_bb_border_style_none bt_bb_border_color_none bt_bb_bottom_spacing_medium\" data-bt-override-class=\"null\"><\/div><\/div><\/div><\/div><\/div><\/div><\/div><\/div><\/div><\/section><section id=\"bt_bb_section69d619b9f2a77\" data-parallax=\"0.6\" data-parallax-offset=\"0\" data-background_image_src=\"'https:\/\/cycpartenaires.ch\/wp-content\/uploads\/2020\/08\/background_dots_03.png'\" class=\"bt_bb_section bt_bb_bottom_spacing_large bt_bb_layout_boxed_1200 bt_bb_vertical_align_top bt_bb_parallax btLazyLoadBackground bt_bb_background_image bt_bb_section_allow_content_outside bt_bb_section_allow_content_outside bt_bb_section_with_bottom_coverage_image\" style=\"background-image:url(&#039;https:\/\/cycpartenaires.ch\/wp-content\/plugins\/bold-page-builder\/img\/blank.gif&#039;);\"><div class=\"bt_bb_port\"><div class=\"bt_bb_cell\"><div class=\"bt_bb_cell_inner\"><div class=\"bt_bb_row\"  data-bt-override-class=\"{}\"><div class=\"bt_bb_row_holder\" ><\/div><\/div><div class=\"bt_bb_row\"  data-bt-override-class=\"{}\"><div class=\"bt_bb_row_holder\" ><div  class=\"bt_bb_column col-xxl-4 col-xl-4 bt_bb_vertical_align_top bt_bb_align_left bt_bb_padding_normal bt_bb_animation_fade_in animate\" style=\"; --column-width:4;\" data-width=\"4\" data-bt-override-class=\"{}\"><div class=\"bt_bb_column_content\"><div class=\"bt_bb_column_content_inner\"><div data-bb-version=\"4.5.9\" class=\"bt_bb_card_image bt_bb_border_show bt_bb_shadow_show bt_bb_title_size_large bt_bb_image_position_background\"><div class=\"bt_bb_card_image_image\"><div class=\"bt_bb_image bt_bb_target_self\" data-bt-override-class=\"{}\"><a href=\"https:\/\/cycpartenaires.ch\/en\/about\/team\/\"  target=\"_self\" title=\"Clair-1\"><img loading=\"lazy\" decoding=\"async\" width=\"338\" height=\"396\" src=\"https:\/\/cycpartenaires.ch\/wp-content\/uploads\/2023\/07\/Clair-1.png\" class=\"attachment-boldthemes_large_vertical_rectangle size-boldthemes_large_vertical_rectangle\" alt=\"https:\/\/cycpartenaires.ch\/wp-content\/uploads\/2023\/07\/Clair-1.png\" data-full_image_src=\"https:\/\/cycpartenaires.ch\/wp-content\/uploads\/2023\/07\/Clair-1.png\" title=\"Clair-1\" srcset=\"https:\/\/cycpartenaires.ch\/wp-content\/uploads\/2023\/07\/Clair-1.png 338w, https:\/\/cycpartenaires.ch\/wp-content\/uploads\/2023\/07\/Clair-1-320x375.png 320w\" sizes=\"auto, (max-width: 338px) 100vw, 338px\" \/><\/a><\/div><\/div><div class=\"bt_bb_card_image_content\"><div class=\"bt_bb_card_image_content_inner\"><div class=\"bt_bb_card_image_title\"><header class=\"bt_bb_headline bt_bb_superheadline bt_bb_size_large\" data-bt-override-class=\"{}\"><h3 class=\"bt_bb_headline_tag\"><span class=\"bt_bb_headline_superheadline\">Trainer, Facilitator, and Professional Coach<\/span><span class=\"bt_bb_headline_content\"><span><a href=\"https:\/\/cycpartenaires.ch\/en\/about\/team\/\" target=\"_self\" title=\"Claire Bellmann\">Claire Bellmann<\/a><\/span><\/span><\/h3><\/header><\/div><div class=\"bt_bb_card_image_content_inner\"><div class=\"bt_bb_separator bt_bb_border_style_solid bt_bb_border_color_light bt_bb_top_spacing_10 bt_bb_bottom_spacing_small\" data-bt-override-class=\"null\"><\/div><div class=\"bt_bb_separator bt_bb_border_style_none bt_bb_border_color_none bt_bb_bottom_spacing_25\" data-bt-override-class=\"null\"><\/div><div data-bb-version=\"4.5.9\" class=\"bt_bb_button bt_bb_icon_position_right bt_bb_style_clean bt_bb_size_small bt_bb_width_inline bt_bb_shape_inherit bt_bb_target_self bt_bb_text_transform_inherit bt_bb_align_right btWithIcon\" data-bt-override-class=\"{&quot;bt_bb_size_&quot;:{&quot;current_class&quot;:&quot;bt_bb_size_small&quot;,&quot;def&quot;:&quot;small&quot;},&quot;bt_bb_align_&quot;:{&quot;current_class&quot;:&quot;bt_bb_align_right&quot;,&quot;def&quot;:&quot;right&quot;}}\"><a href=\"https:\/\/cycpartenaires.ch\/en\/about\/\" target=\"_self\" class=\"bt_bb_link\" title=\"\"><span  data-ico-icon7stroke=\"&#xe685;\" class=\"bt_bb_icon_holder\"><\/span><\/a><\/div><\/div><\/div><\/div><\/div><div class=\"bt_bb_separator bt_bb_border_style_none bt_bb_border_color_none bt_bb_bottom_spacing_medium\" data-bt-override-class=\"null\"><\/div><div data-bb-version=\"4.5.9\" class=\"bt_bb_separator bt_bb_border_style_none bt_bb_border_color_none bt_bb_top_spacing_large bt_bb_bottom_spacing_none\" data-bt-override-class=\"{&quot;bt_bb_top_spacing_&quot;:{&quot;current_class&quot;:&quot;bt_bb_top_spacing_large&quot;,&quot;def&quot;:&quot;large&quot;},&quot;bt_bb_bottom_spacing_&quot;:{&quot;current_class&quot;:&quot;bt_bb_bottom_spacing_none&quot;,&quot;def&quot;:&quot;none&quot;}}\"><\/div><\/div><\/div><\/div><div  class=\"bt_bb_column col-xxl-4 col-xl-4 bt_bb_vertical_align_top bt_bb_align_left bt_bb_padding_normal bt_bb_animation_fade_in animate\" style=\"; --column-width:4;\" data-width=\"4\" data-bt-override-class=\"{}\"><div class=\"bt_bb_column_content\"><div class=\"bt_bb_column_content_inner\"><div data-bb-version=\"4.5.9\" class=\"bt_bb_card_image bt_bb_border_show bt_bb_shadow_show bt_bb_title_size_large bt_bb_image_position_background\"><div class=\"bt_bb_card_image_image\"><div class=\"bt_bb_image bt_bb_target_self\" data-bt-override-class=\"{}\"><a href=\"https:\/\/cycpartenaires.ch\/en\/about\/team\/\"  target=\"_self\" title=\"roger\"><img loading=\"lazy\" decoding=\"async\" width=\"348\" height=\"398\" src=\"https:\/\/cycpartenaires.ch\/wp-content\/uploads\/2023\/07\/roger.png\" class=\"attachment-boldthemes_large_vertical_rectangle size-boldthemes_large_vertical_rectangle\" alt=\"https:\/\/cycpartenaires.ch\/wp-content\/uploads\/2023\/07\/roger.png\" data-full_image_src=\"https:\/\/cycpartenaires.ch\/wp-content\/uploads\/2023\/07\/roger.png\" title=\"roger\" srcset=\"https:\/\/cycpartenaires.ch\/wp-content\/uploads\/2023\/07\/roger.png 348w, https:\/\/cycpartenaires.ch\/wp-content\/uploads\/2023\/07\/roger-320x366.png 320w\" sizes=\"auto, (max-width: 348px) 100vw, 348px\" \/><\/a><\/div><\/div><div class=\"bt_bb_card_image_content\"><div class=\"bt_bb_card_image_content_inner\"><div class=\"bt_bb_card_image_title\"><header class=\"bt_bb_headline bt_bb_superheadline bt_bb_size_large\" data-bt-override-class=\"{}\"><h3 class=\"bt_bb_headline_tag\"><span class=\"bt_bb_headline_superheadline\">Trainer, Hydrogeologist, Public Health Graduate, Manager<\/span><span class=\"bt_bb_headline_content\"><span><a href=\"https:\/\/cycpartenaires.ch\/en\/about\/team\/\" target=\"_self\" title=\"Yves Etienne\">Yves Etienne<\/a><\/span><\/span><\/h3><\/header><\/div><div class=\"bt_bb_card_image_content_inner\"><div class=\"bt_bb_separator bt_bb_border_style_solid bt_bb_border_color_light bt_bb_top_spacing_10 bt_bb_bottom_spacing_small\" data-bt-override-class=\"null\"><\/div><div class=\"bt_bb_separator bt_bb_border_style_none bt_bb_border_color_none bt_bb_bottom_spacing_25\" data-bt-override-class=\"null\"><\/div><div class=\"bt_bb_separator bt_bb_border_style_none bt_bb_border_color_none bt_bb_bottom_spacing_25\" data-bt-override-class=\"null\"><\/div><div data-bb-version=\"4.5.9\" class=\"bt_bb_button bt_bb_icon_position_right bt_bb_style_clean bt_bb_size_small bt_bb_width_inline bt_bb_shape_inherit bt_bb_target_self bt_bb_text_transform_inherit bt_bb_align_right btWithIcon\" data-bt-override-class=\"{&quot;bt_bb_size_&quot;:{&quot;current_class&quot;:&quot;bt_bb_size_small&quot;,&quot;def&quot;:&quot;small&quot;},&quot;bt_bb_align_&quot;:{&quot;current_class&quot;:&quot;bt_bb_align_right&quot;,&quot;def&quot;:&quot;right&quot;}}\"><a href=\"https:\/\/cycpartenaires.ch\/en\/about\/\" target=\"_self\" class=\"bt_bb_link\" title=\"\"><span  data-ico-icon7stroke=\"&#xe685;\" class=\"bt_bb_icon_holder\"><\/span><\/a><\/div><\/div><\/div><\/div><\/div><div class=\"bt_bb_separator bt_bb_border_style_none bt_bb_border_color_none bt_bb_bottom_spacing_medium\" data-bt-override-class=\"null\"><\/div><\/div><\/div><\/div><div  class=\"bt_bb_column col-xxl-4 col-xl-4 bt_bb_vertical_align_top bt_bb_align_left bt_bb_padding_normal bt_bb_animation_fade_in animate\" style=\"; --column-width:4;\" data-width=\"4\" data-bt-override-class=\"{}\"><div class=\"bt_bb_column_content\"><div class=\"bt_bb_column_content_inner\"><div data-bb-version=\"4.5.9\" class=\"bt_bb_card_image bt_bb_border_show bt_bb_shadow_show bt_bb_title_size_large bt_bb_image_position_background\"><div class=\"bt_bb_card_image_image\"><div class=\"bt_bb_image bt_bb_target_self\" data-bt-override-class=\"{}\"><a href=\"https:\/\/cycpartenaires.ch\/en\/about\/team\/\"  target=\"_self\" title=\"IMG_2679-4-e1606144892619\"><img loading=\"lazy\" decoding=\"async\" width=\"850\" height=\"996\" src=\"https:\/\/cycpartenaires.ch\/wp-content\/uploads\/2023\/07\/IMG_2679-4-e1606144892619-850x996.jpg\" class=\"attachment-boldthemes_large_vertical_rectangle size-boldthemes_large_vertical_rectangle\" alt=\"https:\/\/cycpartenaires.ch\/wp-content\/uploads\/2023\/07\/IMG_2679-4-e1606144892619-850x996.jpg\" data-full_image_src=\"https:\/\/cycpartenaires.ch\/wp-content\/uploads\/2023\/07\/IMG_2679-4-e1606144892619.jpg\" title=\"IMG_2679-4-e1606144892619\" \/><\/a><\/div><\/div><div class=\"bt_bb_card_image_content\"><div class=\"bt_bb_card_image_content_inner\"><div class=\"bt_bb_card_image_title\"><header class=\"bt_bb_headline bt_bb_superheadline bt_bb_size_large\" data-bt-override-class=\"{}\"><h3 class=\"bt_bb_headline_tag\"><span class=\"bt_bb_headline_superheadline\">Professional Facilitator and Trainer<\/span><span class=\"bt_bb_headline_content\"><span><a href=\"https:\/\/cycpartenaires.ch\/en\/about\/team\/\" target=\"_self\" title=\"Christiane Amici Raboud\">Christiane Amici Raboud<\/a><\/span><\/span><\/h3><\/header><\/div><div class=\"bt_bb_card_image_content_inner\"><div class=\"bt_bb_separator bt_bb_border_style_solid bt_bb_border_color_light bt_bb_top_spacing_10 bt_bb_bottom_spacing_small\" data-bt-override-class=\"null\"><\/div><div data-bb-version=\"4.5.9\" class=\"bt_bb_button bt_bb_icon_position_right bt_bb_style_clean bt_bb_size_small bt_bb_width_inline bt_bb_shape_inherit bt_bb_target_self bt_bb_text_transform_inherit bt_bb_align_right btWithIcon\" data-bt-override-class=\"{&quot;bt_bb_size_&quot;:{&quot;current_class&quot;:&quot;bt_bb_size_small&quot;,&quot;def&quot;:&quot;small&quot;},&quot;bt_bb_align_&quot;:{&quot;current_class&quot;:&quot;bt_bb_align_right&quot;,&quot;def&quot;:&quot;right&quot;}}\"><a href=\"https:\/\/cycpartenaires.ch\/en\/about\/\" target=\"_self\" class=\"bt_bb_link\" title=\"\"><span  data-ico-icon7stroke=\"&#xe685;\" class=\"bt_bb_icon_holder\"><\/span><\/a><\/div><\/div><\/div><\/div><\/div><div class=\"bt_bb_separator bt_bb_border_style_none bt_bb_border_color_none bt_bb_bottom_spacing_medium\" data-bt-override-class=\"null\"><\/div><div data-bb-version=\"4.5.9\" class=\"bt_bb_separator bt_bb_border_style_none bt_bb_border_color_none bt_bb_top_spacing_large bt_bb_bottom_spacing_none\" data-bt-override-class=\"{&quot;bt_bb_top_spacing_&quot;:{&quot;current_class&quot;:&quot;bt_bb_top_spacing_large&quot;,&quot;def&quot;:&quot;large&quot;},&quot;bt_bb_bottom_spacing_&quot;:{&quot;current_class&quot;:&quot;bt_bb_bottom_spacing_none&quot;,&quot;def&quot;:&quot;none&quot;}}\"><\/div><div data-bb-version=\"4.5.9\" class=\"bt_bb_separator bt_bb_border_style_none bt_bb_border_color_none bt_bb_top_spacing_large bt_bb_bottom_spacing_none\" data-bt-override-class=\"{&quot;bt_bb_top_spacing_&quot;:{&quot;current_class&quot;:&quot;bt_bb_top_spacing_large&quot;,&quot;def&quot;:&quot;large&quot;},&quot;bt_bb_bottom_spacing_&quot;:{&quot;current_class&quot;:&quot;bt_bb_bottom_spacing_none&quot;,&quot;def&quot;:&quot;none&quot;}}\"><\/div><\/div><\/div><\/div><\/div><\/div><\/div><\/div><\/div><div class=\"bt_bb_section_bottom_section_coverage_image\"><img decoding=\"async\" src=\"https:\/\/cycpartenaires.ch\/wp-content\/uploads\/2020\/08\/Wave_grey_bottom_left_shape_01.png\" alt=\"bt_bb_section_bottom_section_coverage_image\" \/><\/div><\/section><section id=\"bt_bb_section69d619ba01bc8\"  class=\"bt_bb_section bt_bb_bottom_spacing_medium bt_bb_layout_boxed_1200 bt_bb_vertical_align_top\" ><div class=\"bt_bb_port\"><div class=\"bt_bb_cell\"><div class=\"bt_bb_cell_inner\"><div class=\"bt_bb_row\"  data-bt-override-class=\"{}\"><div class=\"bt_bb_row_holder\" ><div  class=\"bt_bb_column col-xxl-12 col-xl-12 col-xs-12 col-sm-12 col-md-12 col-lg-12 bt_bb_vertical_align_top bt_bb_align_center bt_bb_padding_40 bt_bb_animation_fade_in animate\" style=\"; --column-width:12;\" data-width=\"12\" data-bt-override-class=\"{}\"><div class=\"bt_bb_column_content\"><div class=\"bt_bb_column_content_inner\"><div data-bb-version=\"4.5.9\" class=\"bt_bb_separator bt_bb_border_style_none bt_bb_border_color_none bt_bb_top_spacing_large bt_bb_bottom_spacing_none\" data-bt-override-class=\"{&quot;bt_bb_top_spacing_&quot;:{&quot;current_class&quot;:&quot;bt_bb_top_spacing_large&quot;,&quot;def&quot;:&quot;large&quot;},&quot;bt_bb_bottom_spacing_&quot;:{&quot;current_class&quot;:&quot;bt_bb_bottom_spacing_none&quot;,&quot;def&quot;:&quot;none&quot;}}\"><\/div><header data-bb-version=\"4.5.9\" class=\"bt_bb_headline bt_bb_dash_none bt_bb_subheadline bt_bb_size_large bt_bb_align_inherit\" data-bt-override-class=\"{&quot;bt_bb_size_&quot;:{&quot;current_class&quot;:&quot;bt_bb_size_large&quot;,&quot;def&quot;:&quot;large&quot;},&quot;bt_bb_align_&quot;:{&quot;current_class&quot;:&quot;bt_bb_align_inherit&quot;,&quot;def&quot;:&quot;inherit&quot;}}\"><h3 class=\"bt_bb_headline_tag\"><span class=\"bt_bb_headline_content\"><span>Testimonial<\/span><\/span><\/h3><div class=\"bt_bb_headline_subheadline\">Facilitation: A Manager's Testimonial<\/div><\/header><div data-bb-version=\"4.5.9\" class=\"bt_bb_separator bt_bb_border_style_none bt_bb_border_color_none bt_bb_top_spacing_medium bt_bb_bottom_spacing_none\" data-bt-override-class=\"{&quot;bt_bb_top_spacing_&quot;:{&quot;current_class&quot;:&quot;bt_bb_top_spacing_medium&quot;,&quot;def&quot;:&quot;medium&quot;},&quot;bt_bb_bottom_spacing_&quot;:{&quot;current_class&quot;:&quot;bt_bb_bottom_spacing_none&quot;,&quot;def&quot;:&quot;none&quot;}}\"><\/div><div data-bb-version=\"4.5.9\" class=\"bt_bb_video bt_bb_disable_controls_no\"><div class=\"bt-video-container\"><div style=\"width: 100%;\" class=\"wp-video\"><video class=\"wp-video-shortcode\" id=\"video-28952-1\" width=\"640\" height=\"360\" preload=\"metadata\" controls=\"controls\"><source type=\"video\/youtube\" src=\"https:\/\/youtu.be\/iTqc1pb_MPE?_=1\" \/><a href=\"https:\/\/youtu.be\/iTqc1pb_MPE\">https:\/\/youtu.be\/iTqc1pb_MPE<\/a><\/video><\/div><\/div><\/div><\/div><\/div><\/div><\/div><\/div><\/div><\/div><\/div><\/section><\/p>","protected":false},"excerpt":{"rendered":"","protected":false},"author":1,"featured_media":0,"parent":0,"menu_order":0,"comment_status":"closed","ping_status":"closed","template":"","meta":{"footnotes":""},"class_list":["post-28952","page","type-page","status-publish","hentry"],"_links":{"self":[{"href":"https:\/\/cycpartenaires.ch\/en\/wp-json\/wp\/v2\/pages\/28952","targetHints":{"allow":["GET"]}}],"collection":[{"href":"https:\/\/cycpartenaires.ch\/en\/wp-json\/wp\/v2\/pages"}],"about":[{"href":"https:\/\/cycpartenaires.ch\/en\/wp-json\/wp\/v2\/types\/page"}],"author":[{"embeddable":true,"href":"https:\/\/cycpartenaires.ch\/en\/wp-json\/wp\/v2\/users\/1"}],"replies":[{"embeddable":true,"href":"https:\/\/cycpartenaires.ch\/en\/wp-json\/wp\/v2\/comments?post=28952"}],"version-history":[{"count":5,"href":"https:\/\/cycpartenaires.ch\/en\/wp-json\/wp\/v2\/pages\/28952\/revisions"}],"predecessor-version":[{"id":28959,"href":"https:\/\/cycpartenaires.ch\/en\/wp-json\/wp\/v2\/pages\/28952\/revisions\/28959"}],"wp:attachment":[{"href":"https:\/\/cycpartenaires.ch\/en\/wp-json\/wp\/v2\/media?parent=28952"}],"curies":[{"name":"wp","href":"https:\/\/api.w.org\/{rel}","templated":true}]}}